{"id":110731,"date":"2025-01-20T18:28:48","date_gmt":"2025-01-20T18:28:48","guid":{"rendered":"https:\/\/reformemos.com\/product\/1-concepto-maqueta-3_edificio\/"},"modified":"2025-01-31T09:38:48","modified_gmt":"2025-01-31T09:38:48","slug":"1-concepto-estilo-3_edificio","status":"publish","type":"product","link":"https:\/\/reformemos.com\/es\/producto\/1-concepto-estilo-3_edificio\/","title":{"rendered":"1-CONCEPTO \/ Estilo-3_Edificio"},"content":{"rendered":"","protected":false},"excerpt":{"rendered":"<p>\u00bfQuieres remodelar un edificio? Primero necesitas un buen <strong>CONCEPTO<\/strong>. Este servicio es el primer paso para tu remodelaci\u00f3n. Inicia ya tu concepto<\/p>\n<blockquote>\n<ul>\n<li>Real\/Concepto PRINCIPAL<strong>(1<\/strong>)<\/li>\n<li>Alternativas PRINCIPAL<strong>(2<\/strong>)<\/li>\n<\/ul>\n<\/blockquote>\n<p><strong>1.1\/<\/strong> Documentos <strong>Estilo<\/strong><strong>[3<\/strong>]: (como ejemplo)<\/p>\n<p><b>1-CONCEPTO <\/b>&gt; 2-ARQUITECTURA &gt; 3-DISE\u00d1O &gt; 4-CONSTRUCCI\u00d3N<\/p>\n<p>Una vez que tengamos el CONCEPTO, podr\u00e1s a\u00f1adir el PASO 2 &gt; ARQUITECTURA directamente en la p\u00e1gina de tu proyecto. \u00a1Echa un vistazo previo a los servicios 3d a continuaci\u00f3n!<\/p>\n<p>&nbsp;<\/p>\n","protected":false},"featured_media":110300,"comment_status":"open","ping_status":"closed","template":"","meta":[],"product_brand":[],"product_cat":[252],"product_tag":[201],"class_list":{"0":"post-110731","1":"product","2":"type-product","3":"status-publish","4":"has-post-thumbnail","6":"product_cat-edificio-es","7":"product_tag-concepto","9":"first","10":"instock","11":"sold-individually","12":"taxable","13":"shipping-taxable","14":"purchasable","15":"product-type-simple"},"jetpack_sharing_enabled":true,"_links":{"self":[{"href":"https:\/\/reformemos.com\/es\/wp-json\/wp\/v2\/product\/110731","targetHints":{"allow":["GET"]}}],"collection":[{"href":"https:\/\/reformemos.com\/es\/wp-json\/wp\/v2\/product"}],"about":[{"href":"https:\/\/reformemos.com\/es\/wp-json\/wp\/v2\/types\/product"}],"replies":[{"embeddable":true,"href":"https:\/\/reformemos.com\/es\/wp-json\/wp\/v2\/comments?post=110731"}],"wp:featuredmedia":[{"embeddable":true,"href":"https:\/\/reformemos.com\/es\/wp-json\/wp\/v2\/media\/110300"}],"wp:attachment":[{"href":"https:\/\/reformemos.com\/es\/wp-json\/wp\/v2\/media?parent=110731"}],"wp:term":[{"taxonomy":"product_brand","embeddable":true,"href":"https:\/\/reformemos.com\/es\/wp-json\/wp\/v2\/product_brand?post=110731"},{"taxonomy":"product_cat","embeddable":true,"href":"https:\/\/reformemos.com\/es\/wp-json\/wp\/v2\/product_cat?post=110731"},{"taxonomy":"product_tag","embeddable":true,"href":"https:\/\/reformemos.com\/es\/wp-json\/wp\/v2\/product_tag?post=110731"}],"curies":[{"name":"wp","href":"https:\/\/api.w.org\/{rel}","templated":true}]}}