{"id":110537,"date":"2025-01-15T14:28:01","date_gmt":"2025-01-15T14:28:01","guid":{"rendered":"https:\/\/reformemos.com\/product\/2-1-arquitectura-modelo-3d_oficina\/"},"modified":"2025-01-15T14:28:01","modified_gmt":"2025-01-15T14:28:01","slug":"2-1-arquitectura-modelo-3d_oficina","status":"publish","type":"product","link":"https:\/\/reformemos.com\/es\/producto\/2-1-arquitectura-modelo-3d_oficina\/","title":{"rendered":"2.1-ARQUITECTURA \/ Modelo 3D_Oficina"},"content":{"rendered":"","protected":false},"excerpt":{"rendered":"<p>\u00bfQuieres remodelar una oficina? Primero necesitas un buen modelo. Este servicio 3D es el primer paso para tu remodelaci\u00f3n.<\/p>\n<blockquote>\n<ul>\n<li>  Vista principal del modelo arquitect\u00f3nico 3D (1)<\/li>\n<li>  Vista superior del modelo arquitect\u00f3nico 3D (1)<\/li>\n<li>  Vistas 3D reales\/propuestas (4)<\/li>\n<li>  Vistas en secci\u00f3n del modelo arquitect\u00f3nico 3D (4)<\/li>\n<li>  1 V\u00eddeo 3D real\/propuesta (1)<\/li>\n<\/ul>\n<\/blockquote>\n<p>Este producto incluye: <b>1 revisi\u00f3n<\/b><\/p>\n<p><strong>2.1\/<\/strong> Documentos <strong>del modelo 3D<\/strong><strong>[11<\/strong>]: (como ejemplo)<\/p>\n<p>1-CONCEPTO &gt; <strong>2-ARQUITECTURA<\/strong> &gt; 3-DISE\u00d1O &gt; 4-CONSTRUCCI\u00d3N<\/p>\n<p>Una vez que tengamos un buen modelo 3D, podr\u00e1s a\u00f1adir todos los productos directamente en la p\u00e1gina de tu proyecto. Echa un vistazo a los productos a continuaci\u00f3n.<\/p>\n","protected":false},"featured_media":108193,"comment_status":"open","ping_status":"closed","template":"","meta":[],"product_brand":[],"product_cat":[242],"product_tag":[217],"class_list":{"0":"post-110537","1":"product","2":"type-product","3":"status-publish","4":"has-post-thumbnail","6":"product_cat-oficina","7":"product_tag-arquitectura","9":"first","10":"instock","11":"sold-individually","12":"taxable","13":"shipping-taxable","14":"product-type-variable"},"jetpack_sharing_enabled":true,"_links":{"self":[{"href":"https:\/\/reformemos.com\/es\/wp-json\/wp\/v2\/product\/110537","targetHints":{"allow":["GET"]}}],"collection":[{"href":"https:\/\/reformemos.com\/es\/wp-json\/wp\/v2\/product"}],"about":[{"href":"https:\/\/reformemos.com\/es\/wp-json\/wp\/v2\/types\/product"}],"replies":[{"embeddable":true,"href":"https:\/\/reformemos.com\/es\/wp-json\/wp\/v2\/comments?post=110537"}],"wp:featuredmedia":[{"embeddable":true,"href":"https:\/\/reformemos.com\/es\/wp-json\/wp\/v2\/media\/108193"}],"wp:attachment":[{"href":"https:\/\/reformemos.com\/es\/wp-json\/wp\/v2\/media?parent=110537"}],"wp:term":[{"taxonomy":"product_brand","embeddable":true,"href":"https:\/\/reformemos.com\/es\/wp-json\/wp\/v2\/product_brand?post=110537"},{"taxonomy":"product_cat","embeddable":true,"href":"https:\/\/reformemos.com\/es\/wp-json\/wp\/v2\/product_cat?post=110537"},{"taxonomy":"product_tag","embeddable":true,"href":"https:\/\/reformemos.com\/es\/wp-json\/wp\/v2\/product_tag?post=110537"}],"curies":[{"name":"wp","href":"https:\/\/api.w.org\/{rel}","templated":true}]}}