{"id":110374,"date":"2025-01-15T17:00:19","date_gmt":"2025-01-15T17:00:19","guid":{"rendered":"https:\/\/reformemos.com\/?post_type=product&#038;p=110374"},"modified":"2025-01-15T18:51:15","modified_gmt":"2025-01-15T18:51:15","slug":"3-2-diseno-exteriores_chalet","status":"publish","type":"product","link":"https:\/\/reformemos.com\/es\/producto\/3-2-diseno-exteriores_chalet\/","title":{"rendered":"3.2-DISE\u00d1O \/ Extriores_Chalet"},"content":{"rendered":"","protected":false},"excerpt":{"rendered":"<p>\u00bfQuiere reformar tu chalet? Este producto incluye su dise\u00f1o interior personalizado. Desde sus fotos antiguas hasta nuestros impresionantes renders, podemos echar un vistazo al futuro.<\/p>\n<blockquote>\n<ul>\n<li>\u00a0 \u00a0 \u00a0renders PRINCIPALES (2)<\/li>\n<li>\u00a0 \u00a0 \u00a0Plano interior renderizado (1)<\/li>\n<li>\u00a0 \u00a0 \u00a0PRINCIPALES ALTERNATIVAS renders (4)<\/li>\n<li>\u00a0 \u00a0 \u00a0LIVING\/KITCHEN\/BATH\/BED renders (4)<\/li>\n<li>\u00a0 \u00a0 \u00a0X renders espaciales (2)<\/li>\n<li>\u00a0 \u00a0 \u00a0Visita virtual renders con-4 pasos (1)<\/li>\n<\/ul>\n<\/blockquote>\n<p>Este producto incluye: <b>1 revisi\u00f3n<\/b><\/p>\n<p><strong>3.1\/<\/strong> Documentos de Interiros<strong>[14<\/strong>]: (como ejemplo) 1-CONCEPTO &gt; 2-ARQUITECTURA &gt; <strong>3-DISE\u00d1O<\/strong> &gt; 4-CONSTRUCCI\u00d3N Una vez tengamos un buen Interiros, podr\u00e1s a\u00f1adir otros productos directamente en la p\u00e1gina de tu proyecto.<\/p>\n<p>Echa un vistazo a los productos a continuaci\u00f3n.<\/p>\n<p>&nbsp;<\/p>\n","protected":false},"featured_media":110392,"comment_status":"open","ping_status":"closed","template":"","meta":[],"product_brand":[],"product_cat":[202],"product_tag":[218],"class_list":{"0":"post-110374","1":"product","2":"type-product","3":"status-publish","4":"has-post-thumbnail","6":"product_cat-villa-es","7":"product_tag-diseno","9":"first","10":"instock","11":"sold-individually","12":"taxable","13":"shipping-taxable","14":"purchasable","15":"product-type-variable"},"jetpack_sharing_enabled":true,"_links":{"self":[{"href":"https:\/\/reformemos.com\/es\/wp-json\/wp\/v2\/product\/110374","targetHints":{"allow":["GET"]}}],"collection":[{"href":"https:\/\/reformemos.com\/es\/wp-json\/wp\/v2\/product"}],"about":[{"href":"https:\/\/reformemos.com\/es\/wp-json\/wp\/v2\/types\/product"}],"replies":[{"embeddable":true,"href":"https:\/\/reformemos.com\/es\/wp-json\/wp\/v2\/comments?post=110374"}],"wp:featuredmedia":[{"embeddable":true,"href":"https:\/\/reformemos.com\/es\/wp-json\/wp\/v2\/media\/110392"}],"wp:attachment":[{"href":"https:\/\/reformemos.com\/es\/wp-json\/wp\/v2\/media?parent=110374"}],"wp:term":[{"taxonomy":"product_brand","embeddable":true,"href":"https:\/\/reformemos.com\/es\/wp-json\/wp\/v2\/product_brand?post=110374"},{"taxonomy":"product_cat","embeddable":true,"href":"https:\/\/reformemos.com\/es\/wp-json\/wp\/v2\/product_cat?post=110374"},{"taxonomy":"product_tag","embeddable":true,"href":"https:\/\/reformemos.com\/es\/wp-json\/wp\/v2\/product_tag?post=110374"}],"curies":[{"name":"wp","href":"https:\/\/api.w.org\/{rel}","templated":true}]}}