{"id":110336,"date":"2025-01-15T12:32:48","date_gmt":"2025-01-15T12:32:48","guid":{"rendered":"https:\/\/reformemos.com\/?post_type=product&#038;p=110336"},"modified":"2025-01-15T22:15:46","modified_gmt":"2025-01-15T22:15:46","slug":"2-1-arquitectura-modelo-3d-_atico","status":"publish","type":"product","link":"https:\/\/reformemos.com\/es\/producto\/2-1-arquitectura-modelo-3d-_atico\/","title":{"rendered":"2.1-ARQUITECTURA \/ Modelo 3D _\u00c1tico"},"content":{"rendered":"","protected":false},"excerpt":{"rendered":"<p>\u00bfQuieres reformar un \u00e1tico? Primero necesitas un buen modelo. Este servicio 3D es el primer paso para tu remodelaci\u00f3n.<\/p>\n<blockquote>\n<ul>\n<li>\u00a0 \u00a0 \u00a0Vista del modelo arquitect\u00f3nico 3D (1)<\/li>\n<li>\u00a0 \u00a0 \u00a0Vista plano del modelo arquitect\u00f3nico 3D (1)<\/li>\n<li>\u00a0 \u00a0 \u00a0Vistas 3D actual\/propuesta (4)<\/li>\n<li>\u00a0 \u00a0 \u00a0Vistas secci\u00f3n modelo arquitect\u00f3nico 3D (4)<\/li>\n<li>\u00a0 \u00a0 \u00a01 V\u00eddeo 3D actual\/propuesta (1)<\/li>\n<\/ul>\n<\/blockquote>\n<p>Este producto incluye: <b>1 revisi\u00f3n<\/b><\/p>\n<p><strong>2.1\/<\/strong> Documentos <strong>del<\/strong> Modelo 3D<strong>[11<\/strong>]: (como ejemplo)<\/p>\n<p>1-CONCEPTO &gt; <strong>2-ARQUITECTURA<\/strong> &gt; 3-DISE\u00d1O &gt; 4-CONSTRUCCI\u00d3N<\/p>\n<p>Una vez tengamos un buen Modelo 3D, podr\u00e1s a\u00f1adir todos los productos directamente en la p\u00e1gina de tu proyecto.<\/p>\n<p>Echa un vistazo a los productos a continuaci\u00f3n.<\/p>\n","protected":false},"featured_media":108084,"comment_status":"open","ping_status":"closed","template":"","meta":[],"product_brand":[],"product_cat":[248],"product_tag":[217],"class_list":{"0":"post-110336","1":"product","2":"type-product","3":"status-publish","4":"has-post-thumbnail","6":"product_cat-atico-es","7":"product_tag-arquitectura","9":"first","10":"instock","11":"sold-individually","12":"taxable","13":"shipping-taxable","14":"purchasable","15":"product-type-variable"},"jetpack_sharing_enabled":true,"_links":{"self":[{"href":"https:\/\/reformemos.com\/es\/wp-json\/wp\/v2\/product\/110336","targetHints":{"allow":["GET"]}}],"collection":[{"href":"https:\/\/reformemos.com\/es\/wp-json\/wp\/v2\/product"}],"about":[{"href":"https:\/\/reformemos.com\/es\/wp-json\/wp\/v2\/types\/product"}],"replies":[{"embeddable":true,"href":"https:\/\/reformemos.com\/es\/wp-json\/wp\/v2\/comments?post=110336"}],"wp:featuredmedia":[{"embeddable":true,"href":"https:\/\/reformemos.com\/es\/wp-json\/wp\/v2\/media\/108084"}],"wp:attachment":[{"href":"https:\/\/reformemos.com\/es\/wp-json\/wp\/v2\/media?parent=110336"}],"wp:term":[{"taxonomy":"product_brand","embeddable":true,"href":"https:\/\/reformemos.com\/es\/wp-json\/wp\/v2\/product_brand?post=110336"},{"taxonomy":"product_cat","embeddable":true,"href":"https:\/\/reformemos.com\/es\/wp-json\/wp\/v2\/product_cat?post=110336"},{"taxonomy":"product_tag","embeddable":true,"href":"https:\/\/reformemos.com\/es\/wp-json\/wp\/v2\/product_tag?post=110336"}],"curies":[{"name":"wp","href":"https:\/\/api.w.org\/{rel}","templated":true}]}}