{"id":109812,"date":"2024-12-07T21:41:14","date_gmt":"2024-12-07T21:41:14","guid":{"rendered":"https:\/\/reformemos.com\/product\/3-3-1-diseno-xpanel_rayas\/"},"modified":"2024-12-09T18:35:13","modified_gmt":"2024-12-09T18:35:13","slug":"3-3-1-diseno-xpanel_rayas","status":"publish","type":"product","link":"https:\/\/reformemos.com\/es\/producto\/3-3-1-diseno-xpanel_rayas\/","title":{"rendered":"3.3.1-DISE\u00d1O \/ PanelesX_rayas"},"content":{"rendered":"","protected":false},"excerpt":{"rendered":"<p>\u00bfQuieres mover tus paredes? Podemos a\u00f1adir algo especial como un <strong>PanelesX<\/strong>. Este servicio tiene que ver con las geometr\u00edas del futuro. Empieza tu XPanel ahora! concepto<\/p>\n<blockquote>\n<ul>\n<li>\u00a0 \u00a0 \u00a0render enfocado<strong>(1<\/strong>)<\/li>\n<li>\u00a0 \u00a0 \u00a0vistas param\u00e9tricas del modelo 3D<strong>(4<\/strong>)<\/li>\n<li>\u00a0 \u00a0 \u00a0planos de montaje<strong>(2<\/strong>)<\/li>\n<li>\u00a0 \u00a0 \u00a0hojas de fabricaci\u00f3n<strong>(2<\/strong>)<\/li>\n<\/ul>\n<\/blockquote>\n<p><strong>3.3\/<\/strong> Documentos <strong>PanelesX[9<\/strong>]: (como ejemplo) 1-CONCEPTO &gt; 2-ARQUITECTURA &gt; <strong> 3-DISE\u00d1O<\/strong> &gt; 4-CONSTRUCCI\u00d3N<\/p>\n<p>A\u00f1ade a tu dise\u00f1o un toque de futuro, podr\u00e1s a\u00f1adir el PASO 4 &gt; CONSTRUCCI\u00d3N directamente en la p\u00e1gina de tu proyecto.<\/p>\n<p>\u00a1Echa un vistazo previo a los servicios 3d a continuaci\u00f3n!<\/p>\n<p>&nbsp;<\/p>\n","protected":false},"featured_media":109777,"comment_status":"open","ping_status":"closed","template":"","meta":[],"product_brand":[],"product_cat":[233],"product_tag":[232],"class_list":{"0":"post-109812","1":"product","2":"type-product","3":"status-publish","4":"has-post-thumbnail","6":"product_cat-xpaneles","7":"product_tag-xcustoms-es","9":"first","10":"instock","11":"sold-individually","12":"taxable","13":"shipping-taxable","14":"purchasable","15":"product-type-simple"},"jetpack_sharing_enabled":true,"_links":{"self":[{"href":"https:\/\/reformemos.com\/es\/wp-json\/wp\/v2\/product\/109812","targetHints":{"allow":["GET"]}}],"collection":[{"href":"https:\/\/reformemos.com\/es\/wp-json\/wp\/v2\/product"}],"about":[{"href":"https:\/\/reformemos.com\/es\/wp-json\/wp\/v2\/types\/product"}],"replies":[{"embeddable":true,"href":"https:\/\/reformemos.com\/es\/wp-json\/wp\/v2\/comments?post=109812"}],"wp:featuredmedia":[{"embeddable":true,"href":"https:\/\/reformemos.com\/es\/wp-json\/wp\/v2\/media\/109777"}],"wp:attachment":[{"href":"https:\/\/reformemos.com\/es\/wp-json\/wp\/v2\/media?parent=109812"}],"wp:term":[{"taxonomy":"product_brand","embeddable":true,"href":"https:\/\/reformemos.com\/es\/wp-json\/wp\/v2\/product_brand?post=109812"},{"taxonomy":"product_cat","embeddable":true,"href":"https:\/\/reformemos.com\/es\/wp-json\/wp\/v2\/product_cat?post=109812"},{"taxonomy":"product_tag","embeddable":true,"href":"https:\/\/reformemos.com\/es\/wp-json\/wp\/v2\/product_tag?post=109812"}],"curies":[{"name":"wp","href":"https:\/\/api.w.org\/{rel}","templated":true}]}}