{"id":109135,"date":"2024-11-15T09:06:28","date_gmt":"2024-11-15T09:06:28","guid":{"rendered":"https:\/\/reformemos.com\/?post_type=product&#038;p=109135"},"modified":"2025-01-31T09:32:17","modified_gmt":"2025-01-31T09:32:17","slug":"0-infos-fotos-video-plan","status":"publish","type":"product","link":"https:\/\/reformemos.com\/es\/producto\/0-infos-fotos-video-plan\/","title":{"rendered":"0-INFOS \/ Fotos-video-plan"},"content":{"rendered":"","protected":false},"excerpt":{"rendered":"<p>\u00bfQuieres remodelar tu piso y no tienes fotos ni planos de STEP_1? Para empezar tu CONCEPTO necesitamos algunos datos. Este servicio es imprescindible para tu remodelaci\u00f3n. \u00a1Haz fotos\/v\u00eddeos profesionales y planifica ahora! (SERVICIO DISPONIBLE S\u00d3LO EN ESPA\u00d1A E ITALIA).<\/p>\n<blockquote>\n<ul>\n<li>\u00a0 \u00a0 \u00a0Fotos con tratamiento posterior<strong>(10<\/strong>)<\/li>\n<li>\u00a0 \u00a0 \u00a0Plano real a partir de las dimensiones del l\u00e1ser<strong>(1<\/strong>)<\/li>\n<li>\u00a0 \u00a0 \u00a0V\u00eddeo \u00abENTRADA A LA ESQUINA\u00bb<strong>(1min<\/strong>)<\/li>\n<\/ul>\n<\/blockquote>\n<p><strong>0-INFO<\/strong> documentos<strong>[12<\/strong>]: (como descripci\u00f3n) 1-CONCEPTO &gt; 2-ARQUITECTURA &gt; 3-DISE\u00d1O &gt; 4-CONSTRUCCI\u00d3N Una vez tengamos los INFO, podr\u00e1s a\u00f1adir el PASO 1 &gt; CONCEPTO directamente en la p\u00e1gina de tu proyecto. \u00a1Echa un vistazo previo al servicio de abajo!<\/p>\n<p>&nbsp;<\/p>\n","protected":false},"featured_media":109144,"comment_status":"open","ping_status":"closed","template":"","meta":[],"product_brand":[],"product_cat":[200,202],"product_tag":[201],"class_list":{"0":"post-109135","1":"product","2":"type-product","3":"status-publish","4":"has-post-thumbnail","6":"product_cat-apartamento","7":"product_cat-villa-es","8":"product_tag-concepto","10":"first","11":"instock","12":"sold-individually","13":"taxable","14":"shipping-taxable","15":"purchasable","16":"product-type-variable"},"jetpack_sharing_enabled":true,"_links":{"self":[{"href":"https:\/\/reformemos.com\/es\/wp-json\/wp\/v2\/product\/109135","targetHints":{"allow":["GET"]}}],"collection":[{"href":"https:\/\/reformemos.com\/es\/wp-json\/wp\/v2\/product"}],"about":[{"href":"https:\/\/reformemos.com\/es\/wp-json\/wp\/v2\/types\/product"}],"replies":[{"embeddable":true,"href":"https:\/\/reformemos.com\/es\/wp-json\/wp\/v2\/comments?post=109135"}],"wp:featuredmedia":[{"embeddable":true,"href":"https:\/\/reformemos.com\/es\/wp-json\/wp\/v2\/media\/109144"}],"wp:attachment":[{"href":"https:\/\/reformemos.com\/es\/wp-json\/wp\/v2\/media?parent=109135"}],"wp:term":[{"taxonomy":"product_brand","embeddable":true,"href":"https:\/\/reformemos.com\/es\/wp-json\/wp\/v2\/product_brand?post=109135"},{"taxonomy":"product_cat","embeddable":true,"href":"https:\/\/reformemos.com\/es\/wp-json\/wp\/v2\/product_cat?post=109135"},{"taxonomy":"product_tag","embeddable":true,"href":"https:\/\/reformemos.com\/es\/wp-json\/wp\/v2\/product_tag?post=109135"}],"curies":[{"name":"wp","href":"https:\/\/api.w.org\/{rel}","templated":true}]}}