{"id":109005,"date":"2024-11-14T11:08:57","date_gmt":"2024-11-14T11:08:57","guid":{"rendered":"https:\/\/reformemos.com\/?post_type=product&#038;p=109005"},"modified":"2025-01-31T10:43:14","modified_gmt":"2025-01-31T10:43:14","slug":"1-1-concepto-interiores","status":"publish","type":"product","link":"https:\/\/reformemos.com\/es\/producto\/1-1-concepto-interiores\/","title":{"rendered":"1-CONCEPTO \/ Estilo_Interiores"},"content":{"rendered":"","protected":false},"excerpt":{"rendered":"<p>\u00bfQuieres remodelar tu piso? Primero necesitas un buen <strong>CONCEPTO<\/strong>. Este servicio es el primer paso para tu remodelaci\u00f3n. Inicia ya tu concepto<\/p>\n<blockquote>\n<ul>\n<li>\u00a0 \u00a0 \u00a0Real\/Concepto SAL\u00d3N<strong>(1<\/strong>)<\/li>\n<li>\u00a0 \u00a0 \u00a0Actual\/Concepto COCINA<strong>(1<\/strong>)<\/li>\n<li>\u00a0 \u00a0 \u00a0Real\/Concepto HABITACI\u00d3N<strong>(1<\/strong>)<\/li>\n<li>\u00a0 \u00a0 \u00a0Real\/Concepto EXTRA<strong>(1<\/strong>)<\/li>\n<li>\u00a0 \u00a0 \u00a0Plano conceptual<strong>(1<\/strong>)<\/li>\n<li>\u00a0 \u00a0 \u00a0Alternativas SAL\u00d3N<strong>(5<\/strong>)<\/li>\n<\/ul>\n<\/blockquote>\n<p><strong>1.1\/<\/strong> Documentos <strong>MOCKUP<\/strong><strong>[10<\/strong>]: (como ejemplo)<\/p>\n<p><b>1-CONCEPTO <\/b>&gt; 2-ARQUITECTURA &gt; 3-DISE\u00d1O &gt; 4-CONSTRUCCI\u00d3N<\/p>\n<p>Una vez que tengamos el CONCEPTO, podr\u00e1s a\u00f1adir el PASO 2 &gt; ARQUITECTURA directamente en la p\u00e1gina de tu proyecto. \u00a1Echa un vistazo previo a los servicios 3d a continuaci\u00f3n!<\/p>\n<p>&nbsp;<\/p>\n","protected":false},"featured_media":108619,"comment_status":"open","ping_status":"closed","template":"","meta":[],"product_brand":[],"product_cat":[200,202],"product_tag":[201],"class_list":{"0":"post-109005","1":"product","2":"type-product","3":"status-publish","4":"has-post-thumbnail","6":"product_cat-apartamento","7":"product_cat-villa-es","8":"product_tag-concepto","10":"first","11":"instock","12":"sold-individually","13":"taxable","14":"shipping-taxable","15":"purchasable","16":"product-type-simple"},"jetpack_sharing_enabled":true,"_links":{"self":[{"href":"https:\/\/reformemos.com\/es\/wp-json\/wp\/v2\/product\/109005","targetHints":{"allow":["GET"]}}],"collection":[{"href":"https:\/\/reformemos.com\/es\/wp-json\/wp\/v2\/product"}],"about":[{"href":"https:\/\/reformemos.com\/es\/wp-json\/wp\/v2\/types\/product"}],"replies":[{"embeddable":true,"href":"https:\/\/reformemos.com\/es\/wp-json\/wp\/v2\/comments?post=109005"}],"wp:featuredmedia":[{"embeddable":true,"href":"https:\/\/reformemos.com\/es\/wp-json\/wp\/v2\/media\/108619"}],"wp:attachment":[{"href":"https:\/\/reformemos.com\/es\/wp-json\/wp\/v2\/media?parent=109005"}],"wp:term":[{"taxonomy":"product_brand","embeddable":true,"href":"https:\/\/reformemos.com\/es\/wp-json\/wp\/v2\/product_brand?post=109005"},{"taxonomy":"product_cat","embeddable":true,"href":"https:\/\/reformemos.com\/es\/wp-json\/wp\/v2\/product_cat?post=109005"},{"taxonomy":"product_tag","embeddable":true,"href":"https:\/\/reformemos.com\/es\/wp-json\/wp\/v2\/product_tag?post=109005"}],"curies":[{"name":"wp","href":"https:\/\/api.w.org\/{rel}","templated":true}]}}