{"id":107508,"date":"2023-04-14T12:03:02","date_gmt":"2023-04-14T12:03:02","guid":{"rendered":"https:\/\/reformemos.com\/product\/apartamentointerior\/"},"modified":"2024-11-19T13:13:50","modified_gmt":"2024-11-19T13:13:50","slug":"apartamentointerior","status":"publish","type":"product","link":"https:\/\/reformemos.com\/es\/producto\/apartamentointerior\/","title":{"rendered":"3.1-DISE\u00d1O \/ Interiores_Apartamento"},"content":{"rendered":"","protected":false},"excerpt":{"rendered":"<p>\u00bfQuiere reformar tu piso? Este producto incluye su dise\u00f1o interior personalizado. Desde sus fotos antiguas hasta nuestros impresionantes renders, podemos echar un vistazo al futuro.<\/p>\n<blockquote>\n<ul>\n<li>\u00a0 \u00a0 \u00a0renders PRINCIPALES (2)<\/li>\n<li>\u00a0 \u00a0 \u00a0Plano interior renderizado (1)<\/li>\n<li>\u00a0 \u00a0 \u00a0PRINCIPALES ALTERNATIVAS renders (4)<\/li>\n<li>\u00a0 \u00a0 \u00a0LIVING\/KITCHEN\/BATH\/BED renders (4)<\/li>\n<li>\u00a0 \u00a0 \u00a0X renders espaciales (2)<\/li>\n<li>\u00a0 \u00a0 \u00a0Visita virtual renders con-4 pasos (1)<\/li>\n<\/ul>\n<\/blockquote>\n<p>Este producto incluye: <b>1 revisi\u00f3n<\/b><\/p>\n<p><strong>3.1\/<\/strong> Documentos de Interiros<strong>[14<\/strong>]: (como ejemplo) 1-CONCEPTO &gt; 2-ARQUITECTURA &gt; <strong>3-DISE\u00d1O<\/strong> &gt; 4-CONSTRUCCI\u00d3N Una vez tengamos un buen Interiros, podr\u00e1s a\u00f1adir otros productos directamente en la p\u00e1gina de tu proyecto.<\/p>\n<p>Echa un vistazo a los productos a continuaci\u00f3n.<\/p>\n<p>&nbsp;<\/p>\n","protected":false},"featured_media":109161,"comment_status":"open","ping_status":"closed","template":"","meta":[],"product_brand":[],"product_cat":[200],"product_tag":[218],"class_list":{"0":"post-107508","1":"product","2":"type-product","3":"status-publish","4":"has-post-thumbnail","6":"product_cat-apartamento","7":"product_tag-diseno","9":"first","10":"instock","11":"sold-individually","12":"taxable","13":"shipping-taxable","14":"purchasable","15":"product-type-variable"},"jetpack_sharing_enabled":true,"_links":{"self":[{"href":"https:\/\/reformemos.com\/es\/wp-json\/wp\/v2\/product\/107508","targetHints":{"allow":["GET"]}}],"collection":[{"href":"https:\/\/reformemos.com\/es\/wp-json\/wp\/v2\/product"}],"about":[{"href":"https:\/\/reformemos.com\/es\/wp-json\/wp\/v2\/types\/product"}],"replies":[{"embeddable":true,"href":"https:\/\/reformemos.com\/es\/wp-json\/wp\/v2\/comments?post=107508"}],"wp:featuredmedia":[{"embeddable":true,"href":"https:\/\/reformemos.com\/es\/wp-json\/wp\/v2\/media\/109161"}],"wp:attachment":[{"href":"https:\/\/reformemos.com\/es\/wp-json\/wp\/v2\/media?parent=107508"}],"wp:term":[{"taxonomy":"product_brand","embeddable":true,"href":"https:\/\/reformemos.com\/es\/wp-json\/wp\/v2\/product_brand?post=107508"},{"taxonomy":"product_cat","embeddable":true,"href":"https:\/\/reformemos.com\/es\/wp-json\/wp\/v2\/product_cat?post=107508"},{"taxonomy":"product_tag","embeddable":true,"href":"https:\/\/reformemos.com\/es\/wp-json\/wp\/v2\/product_tag?post=107508"}],"curies":[{"name":"wp","href":"https:\/\/api.w.org\/{rel}","templated":true}]}}