{"id":107445,"date":"2023-04-14T12:06:46","date_gmt":"2023-04-14T12:06:46","guid":{"rendered":"https:\/\/reformemos.com\/product\/apartamentoconcepto\/"},"modified":"2025-01-07T16:17:48","modified_gmt":"2025-01-07T16:17:48","slug":"apartamentoconcepto","status":"publish","type":"product","link":"https:\/\/reformemos.com\/es\/producto\/apartamentoconcepto\/","title":{"rendered":"2.1-ARQUITECTURA \/ Modelo 3D _Apartamento"},"content":{"rendered":"","protected":false},"excerpt":{"rendered":"<p>\u00bfQuiere reformar tu piso? Primero necesitas un buen concepto. Este servicio 3D es el primer paso para tu remodelaci\u00f3n. Inicia ya tu modelo 3D<\/p>\n<blockquote>\n<ul>\n<li>\u00a0 \u00a0 \u00a0Visi\u00f3n del modelo arquitect\u00f3nico (1)<\/li>\n<li>\u00a0 \u00a0 \u00a0Vistas 3D reales\/propuestas (6)<\/li>\n<li>\u00a0 \u00a0 \u00a0Zoom del modelo arquitect\u00f3nico (2)<\/li>\n<li>\u00a0 \u00a0 \u00a01 V\u00eddeo 3D real\/propuesta (1)<\/li>\n<\/ul>\n<\/blockquote>\n<p>Este producto incluye: <b>1 revisi\u00f3n<\/b><\/p>\n<p><strong>2.1\/<\/strong> Documentos <strong>del<\/strong> Modelo 3D<strong>[10<\/strong>]: (como ejemplo) 1-CONCEPTO &gt; <strong>2-ARQUITECTURA<\/strong> &gt; 3-DISE\u00d1O &gt; 4-CONSTRUCCI\u00d3N Una vez tengamos un buen Modelo 3D, podr\u00e1s a\u00f1adir todos los productos directamente en la p\u00e1gina de tu proyecto.<\/p>\n<p>Echa un vistazo a los productos a continuaci\u00f3n.<\/p>\n","protected":false},"featured_media":108914,"comment_status":"open","ping_status":"closed","template":"","meta":[],"product_brand":[],"product_cat":[200],"product_tag":[217],"class_list":{"0":"post-107445","1":"product","2":"type-product","3":"status-publish","4":"has-post-thumbnail","6":"product_cat-apartamento","7":"product_tag-arquitectura","9":"first","10":"instock","11":"sold-individually","12":"taxable","13":"shipping-taxable","14":"purchasable","15":"product-type-variable"},"jetpack_sharing_enabled":true,"_links":{"self":[{"href":"https:\/\/reformemos.com\/es\/wp-json\/wp\/v2\/product\/107445","targetHints":{"allow":["GET"]}}],"collection":[{"href":"https:\/\/reformemos.com\/es\/wp-json\/wp\/v2\/product"}],"about":[{"href":"https:\/\/reformemos.com\/es\/wp-json\/wp\/v2\/types\/product"}],"replies":[{"embeddable":true,"href":"https:\/\/reformemos.com\/es\/wp-json\/wp\/v2\/comments?post=107445"}],"wp:featuredmedia":[{"embeddable":true,"href":"https:\/\/reformemos.com\/es\/wp-json\/wp\/v2\/media\/108914"}],"wp:attachment":[{"href":"https:\/\/reformemos.com\/es\/wp-json\/wp\/v2\/media?parent=107445"}],"wp:term":[{"taxonomy":"product_brand","embeddable":true,"href":"https:\/\/reformemos.com\/es\/wp-json\/wp\/v2\/product_brand?post=107445"},{"taxonomy":"product_cat","embeddable":true,"href":"https:\/\/reformemos.com\/es\/wp-json\/wp\/v2\/product_cat?post=107445"},{"taxonomy":"product_tag","embeddable":true,"href":"https:\/\/reformemos.com\/es\/wp-json\/wp\/v2\/product_tag?post=107445"}],"curies":[{"name":"wp","href":"https:\/\/api.w.org\/{rel}","templated":true}]}}